{"id":28558,"date":"2024-11-07T10:58:03","date_gmt":"2024-11-07T09:58:03","guid":{"rendered":"https:\/\/ihr-hinweis.de\/hinweisgebende\/"},"modified":"2025-01-15T14:57:04","modified_gmt":"2025-01-15T13:57:04","slug":"hinweisgebende","status":"publish","type":"page","link":"https:\/\/ihr-hinweis.de\/en\/hinweisgebende\/","title":{"rendered":"EN &#8211; Hinweisgeber:innen"},"content":{"rendered":"<h2><strong>Schutz f\u00fcr Hinweisgeber:innen \u2013 Sicher melden, vertrauensvoll handeln<\/strong><\/h2>\n<p>Sehr geehrte Hinweisgeberin, sehr geehrter Hinweisgeber!<\/p>\n<p>Sie sind \u00fcber Ihren Arbeitgebenden (bzw. Ihre Kund:innen und\/oder Auftraggebenden) informiert worden, dass wir Ihre zust\u00e4ndige Meldestelle sind.<\/p>\n<h4><strong>Herzlich willkommen!<\/strong><\/h4>\n<p><em>Wenn nicht, bitten wir Sie, sich nach der f\u00fcr Ihr Unternehmen\/Gesch\u00e4ftspartner zust\u00e4ndigen Meldestelle in Ihrem Unternehmen zu erkundigen. Wir k\u00f6nnen Ihren Hinweis in diesem Fall nicht bearbeiten und w\u00fcrden Ihre Angaben datenschutzkonform l\u00f6schen. Alternativ stehen Ihnen f\u00fcr Meldungen auch die externen Meldestellen des Bundes zur Verf\u00fcgung.<\/em><\/p>\n<p>F\u00fcr Sie als Hinweisgeber sind wir die Vertrauensstelle. Wir wurden von Ihrem Arbeitgeber beauftragt, Ihre Meldungen entgegenzunehmen und Ma\u00dfnahmen zur Beseitigung des Problems zu ergreifen. Dabei verhalten wir uns unabh\u00e4ngig von Ihrem Arbeitgeber und tun dies so, dass Ihnen keine Nachteile entstehen.<\/p>\n<h4><strong>Sie m\u00f6chten jetzt vermeintliches oder tats\u00e4chliches Fehlverhalten melden?<\/strong><\/h4>\n<p>Gehen Sie direkt zum <a href=\"\/en\/report\/\">Melde-Formular<\/a> f\u00fcr Ihren Hinweis.<\/p>\n<h4><strong>F\u00fcr Ihre Sicherheit haben wir alle f\u00fcr Sie relevanten Informationen zu Meldungen aufgelistet:<\/strong><\/h4>\n<p>&nbsp;<\/p>\n","protected":false},"excerpt":{"rendered":"<p>Schutz f\u00fcr Hinweisgeber:innen \u2013 Sicher melden, vertrauensvoll handeln Sehr geehrte Hinweisgeberin, sehr geehrter Hinweisgeber! Sie sind \u00fcber Ihren Arbeitgebenden (bzw. Ihre Kund:innen und\/oder Auftraggebenden) informiert worden, dass wir Ihre zust\u00e4ndige Meldestelle sind. Herzlich willkommen! Wenn nicht, bitten wir Sie, sich nach der f\u00fcr Ihr Unternehmen\/Gesch\u00e4ftspartner zust\u00e4ndigen Meldestelle in Ihrem Unternehmen zu erkundigen. Wir k\u00f6nnen Ihren Hinweis in diesem Fall nicht [&hellip;]<\/p>\n","protected":false},"author":21,"featured_media":0,"parent":0,"menu_order":1,"comment_status":"closed","ping_status":"closed","template":"","meta":{"_acf_changed":false,"footnotes":""},"class_list":["post-28558","page","type-page","status-publish","hentry"],"acf":[],"yoast_head":"<!-- This site is optimized with the Yoast SEO plugin v27.5 - https:\/\/yoast.com\/product\/yoast-seo-wordpress\/ -->\n<title>Vertrauensstelle f\u00fcr Hinweisgebende | ihr-hinweis.de<\/title>\n<meta name=\"description\" content=\"EN - Hinweisgeber:innen\" \/>\n<meta name=\"robots\" content=\"noindex, follow, max-snippet:-1, max-image-preview:large, max-video-preview:-1\" \/>\n<meta property=\"og:locale\" content=\"en_US\" \/>\n<meta property=\"og:type\" content=\"article\" \/>\n<meta property=\"og:title\" content=\"Vertrauensstelle f\u00fcr Hinweisgebende | ihr-hinweis.de\" \/>\n<meta property=\"og:description\" content=\"EN - Hinweisgeber:innen\" \/>\n<meta property=\"og:url\" content=\"https:\/\/ihr-hinweis.de\/hinweisgebende\/\" \/>\n<meta property=\"og:site_name\" content=\"ihr-hinweis.de\" \/>\n<meta property=\"article:modified_time\" content=\"2025-01-15T13:57:04+00:00\" \/>\n<meta property=\"og:image\" content=\"https:\/\/www.mayr-arbeitsrecht.de\/wp-content\/uploads\/2018\/08\/MAYR_Social-Media.jpg\" \/>\n<meta name=\"twitter:card\" content=\"summary_large_image\" \/>\n<meta name=\"twitter:label1\" content=\"Est. reading time\" \/>\n\t<meta name=\"twitter:data1\" content=\"1 minute\" \/>\n<script type=\"application\/ld+json\" class=\"yoast-schema-graph\">{\"@context\":\"https:\\\/\\\/schema.org\",\"@graph\":[{\"@type\":\"WebPage\",\"@id\":\"https:\\\/\\\/ihr-hinweis.de\\\/hinweisgebende\\\/\",\"url\":\"https:\\\/\\\/ihr-hinweis.de\\\/hinweisgebende\\\/\",\"name\":\"Vertrauensstelle f\u00fcr Hinweisgebende | ihr-hinweis.de\",\"isPartOf\":{\"@id\":\"https:\\\/\\\/ihr-hinweis.de\\\/#website\"},\"datePublished\":\"2024-11-07T09:58:03+00:00\",\"dateModified\":\"2025-01-15T13:57:04+00:00\",\"description\":\"EN - Hinweisgeber:innen\",\"breadcrumb\":{\"@id\":\"https:\\\/\\\/ihr-hinweis.de\\\/hinweisgebende\\\/#breadcrumb\"},\"inLanguage\":\"en-US\",\"potentialAction\":[{\"@type\":\"ReadAction\",\"target\":[\"https:\\\/\\\/ihr-hinweis.de\\\/hinweisgebende\\\/\"]}]},{\"@type\":\"BreadcrumbList\",\"@id\":\"https:\\\/\\\/ihr-hinweis.de\\\/hinweisgebende\\\/#breadcrumb\",\"itemListElement\":[{\"@type\":\"ListItem\",\"position\":1,\"name\":\"Home\",\"item\":\"https:\\\/\\\/ihr-hinweis.de\\\/\"},{\"@type\":\"ListItem\",\"position\":2,\"name\":\"EN &#8211; Hinweisgeber:innen\"}]},{\"@type\":\"WebSite\",\"@id\":\"https:\\\/\\\/ihr-hinweis.de\\\/#website\",\"url\":\"https:\\\/\\\/ihr-hinweis.de\\\/\",\"name\":\"ihr-hinweis.de\",\"description\":\"\",\"potentialAction\":[{\"@type\":\"SearchAction\",\"target\":{\"@type\":\"EntryPoint\",\"urlTemplate\":\"https:\\\/\\\/ihr-hinweis.de\\\/?s={search_term_string}\"},\"query-input\":{\"@type\":\"PropertyValueSpecification\",\"valueRequired\":true,\"valueName\":\"search_term_string\"}}],\"inLanguage\":\"en-US\"}]}<\/script>\n<!-- \/ Yoast SEO plugin. -->","yoast_head_json":{"title":"Vertrauensstelle f\u00fcr Hinweisgebende | ihr-hinweis.de","description":"EN - Hinweisgeber:innen","robots":{"index":"noindex","follow":"follow","max-snippet":"max-snippet:-1","max-image-preview":"max-image-preview:large","max-video-preview":"max-video-preview:-1"},"og_locale":"en_US","og_type":"article","og_title":"Vertrauensstelle f\u00fcr Hinweisgebende | ihr-hinweis.de","og_description":"EN - Hinweisgeber:innen","og_url":"https:\/\/ihr-hinweis.de\/hinweisgebende\/","og_site_name":"ihr-hinweis.de","article_modified_time":"2025-01-15T13:57:04+00:00","og_image":[{"url":"https:\/\/www.mayr-arbeitsrecht.de\/wp-content\/uploads\/2018\/08\/MAYR_Social-Media.jpg","type":"","width":"","height":""}],"twitter_card":"summary_large_image","twitter_misc":{"Est. reading time":"1 minute"},"schema":{"@context":"https:\/\/schema.org","@graph":[{"@type":"WebPage","@id":"https:\/\/ihr-hinweis.de\/hinweisgebende\/","url":"https:\/\/ihr-hinweis.de\/hinweisgebende\/","name":"Vertrauensstelle f\u00fcr Hinweisgebende | ihr-hinweis.de","isPartOf":{"@id":"https:\/\/ihr-hinweis.de\/#website"},"datePublished":"2024-11-07T09:58:03+00:00","dateModified":"2025-01-15T13:57:04+00:00","description":"EN - Hinweisgeber:innen","breadcrumb":{"@id":"https:\/\/ihr-hinweis.de\/hinweisgebende\/#breadcrumb"},"inLanguage":"en-US","potentialAction":[{"@type":"ReadAction","target":["https:\/\/ihr-hinweis.de\/hinweisgebende\/"]}]},{"@type":"BreadcrumbList","@id":"https:\/\/ihr-hinweis.de\/hinweisgebende\/#breadcrumb","itemListElement":[{"@type":"ListItem","position":1,"name":"Home","item":"https:\/\/ihr-hinweis.de\/"},{"@type":"ListItem","position":2,"name":"EN &#8211; Hinweisgeber:innen"}]},{"@type":"WebSite","@id":"https:\/\/ihr-hinweis.de\/#website","url":"https:\/\/ihr-hinweis.de\/","name":"ihr-hinweis.de","description":"","potentialAction":[{"@type":"SearchAction","target":{"@type":"EntryPoint","urlTemplate":"https:\/\/ihr-hinweis.de\/?s={search_term_string}"},"query-input":{"@type":"PropertyValueSpecification","valueRequired":true,"valueName":"search_term_string"}}],"inLanguage":"en-US"}]}},"_links":{"self":[{"href":"https:\/\/ihr-hinweis.de\/en\/wp-json\/wp\/v2\/pages\/28558","targetHints":{"allow":["GET"]}}],"collection":[{"href":"https:\/\/ihr-hinweis.de\/en\/wp-json\/wp\/v2\/pages"}],"about":[{"href":"https:\/\/ihr-hinweis.de\/en\/wp-json\/wp\/v2\/types\/page"}],"author":[{"embeddable":true,"href":"https:\/\/ihr-hinweis.de\/en\/wp-json\/wp\/v2\/users\/21"}],"replies":[{"embeddable":true,"href":"https:\/\/ihr-hinweis.de\/en\/wp-json\/wp\/v2\/comments?post=28558"}],"version-history":[{"count":4,"href":"https:\/\/ihr-hinweis.de\/en\/wp-json\/wp\/v2\/pages\/28558\/revisions"}],"predecessor-version":[{"id":28564,"href":"https:\/\/ihr-hinweis.de\/en\/wp-json\/wp\/v2\/pages\/28558\/revisions\/28564"}],"wp:attachment":[{"href":"https:\/\/ihr-hinweis.de\/en\/wp-json\/wp\/v2\/media?parent=28558"}],"curies":[{"name":"wp","href":"https:\/\/api.w.org\/{rel}","templated":true}]}}