{"id":28555,"date":"2024-11-07T12:41:26","date_gmt":"2024-11-07T11:41:26","guid":{"rendered":"https:\/\/ihr-hinweis.de\/hinweisgebersystem-unternehmen\/"},"modified":"2025-01-15T14:55:08","modified_gmt":"2025-01-15T13:55:08","slug":"hinweisgebersystem-unternehmen","status":"publish","type":"page","link":"https:\/\/ihr-hinweis.de\/en\/hinweisgebersystem-unternehmen\/","title":{"rendered":"EN &#8211; Unternehmen"},"content":{"rendered":"<h2><strong>Vertrauen sch\u00fctzen, Unternehmen st\u00e4rken: a<\/strong><strong>lles Wissenswertes f\u00fcr Sie als Unternehmer:in<\/strong><\/h2>\n<p>Seit der Einf\u00fchrung des Hinweisgeberschutzgesetzes (HinSchG) begleiten wir als erfahrene Vertrauensanw\u00e4lte zahlreiche kleine und mittelst\u00e4ndische Unternehmen in Berlin und Brandenburg und deren Mitarbeitende. Daf\u00fcr haben wir eigens die Meldestelle ihr-hinweis.de ins Leben gerufen. Mit dem HinSchG sind Arbeitgebende verpflichtet, sichere Kan\u00e4le f\u00fcr Hinweisgebende einzurichten, um Gesetzes- und Regelverst\u00f6\u00dfe zu melden.<\/p>\n<p>Ein gut funktionierendes Hinweisgebersystem sch\u00fctzt Ihr Unternehmen nicht nur vor rechtlichen Folgen, sondern st\u00e4rkt das Vertrauen Ihrer Mitarbeitenden und Gesch\u00e4ftspartner gleicherma\u00dfen.<\/p>\n<p>In der Zusammenarbeit mit unseren Mandant:innen haben wir immer wieder positive Erfahrungen gemacht. Viele Gesch\u00e4ftsf\u00fchrer:innen und leitende Personen zeigen echtes Interesse daran, Missst\u00e4nde in ihren Betrieben aufzudecken und ihnen vorzubeugen. Schlie\u00dflich m\u00f6chte niemand Rechtsverst\u00f6\u00dfe im eigenen Haus dulden. Ein verl\u00e4ssliches Meldesystem ist heute ein fester Bestandteil einer soliden Unternehmenskultur.<strong><br \/>\n<\/strong><\/p>\n<p>Wir von ihr-hinweis.de \u00fcbernehmen f\u00fcr Sie die wichtigen und vorgeschriebenen Aufgaben einer Meldestelle. Mit unserem individuell zugeschnittenen Hinweisgebersystemen, die den gesetzlichen Anforderungen entsprechen und Hinweisgebende vor m\u00f6glichen Repressalien sch\u00fctzen, sind Sie bestens ger\u00fcstet. Setzen Sie auf unsere langj\u00e4hrige Expertise, um potenzielle Risiken fr\u00fchzeitig zu erkennen und angemessen zu reagieren.<\/p>\n","protected":false},"excerpt":{"rendered":"<p>Vertrauen sch\u00fctzen, Unternehmen st\u00e4rken: alles Wissenswertes f\u00fcr Sie als Unternehmer:in Seit der Einf\u00fchrung des Hinweisgeberschutzgesetzes (HinSchG) begleiten wir als erfahrene Vertrauensanw\u00e4lte zahlreiche kleine und mittelst\u00e4ndische Unternehmen in Berlin und Brandenburg und deren Mitarbeitende. Daf\u00fcr haben wir eigens die Meldestelle ihr-hinweis.de ins Leben gerufen. Mit dem HinSchG sind Arbeitgebende verpflichtet, sichere Kan\u00e4le f\u00fcr Hinweisgebende einzurichten, um Gesetzes- und Regelverst\u00f6\u00dfe zu melden. [&hellip;]<\/p>\n","protected":false},"author":21,"featured_media":0,"parent":0,"menu_order":2,"comment_status":"closed","ping_status":"closed","template":"","meta":{"_acf_changed":false,"footnotes":""},"class_list":["post-28555","page","type-page","status-publish","hentry"],"acf":[],"yoast_head":"<!-- This site is optimized with the Yoast SEO plugin v27.5 - https:\/\/yoast.com\/product\/yoast-seo-wordpress\/ -->\n<title>Hinweisgebersystem f\u00fcr Ihr Unternehmen | ihr-hinweis.de<\/title>\n<meta name=\"description\" content=\"EN - Unternehmen\" \/>\n<meta name=\"robots\" content=\"noindex, follow, max-snippet:-1, max-image-preview:large, max-video-preview:-1\" \/>\n<meta property=\"og:locale\" content=\"en_US\" \/>\n<meta property=\"og:type\" content=\"article\" \/>\n<meta property=\"og:title\" content=\"Hinweisgebersystem f\u00fcr Ihr Unternehmen | ihr-hinweis.de\" \/>\n<meta property=\"og:description\" content=\"EN - Unternehmen\" \/>\n<meta property=\"og:url\" content=\"https:\/\/ihr-hinweis.de\/hinweisgebersystem-unternehmen\/\" \/>\n<meta property=\"og:site_name\" content=\"ihr-hinweis.de\" \/>\n<meta property=\"article:modified_time\" content=\"2025-01-15T13:55:08+00:00\" \/>\n<meta property=\"og:image\" content=\"https:\/\/www.mayr-arbeitsrecht.de\/wp-content\/uploads\/2018\/08\/MAYR_Social-Media.jpg\" \/>\n<meta name=\"twitter:card\" content=\"summary_large_image\" \/>\n<meta name=\"twitter:label1\" content=\"Est. reading time\" \/>\n\t<meta name=\"twitter:data1\" content=\"1 minute\" \/>\n<script type=\"application\/ld+json\" class=\"yoast-schema-graph\">{\"@context\":\"https:\\\/\\\/schema.org\",\"@graph\":[{\"@type\":\"WebPage\",\"@id\":\"https:\\\/\\\/ihr-hinweis.de\\\/hinweisgebersystem-unternehmen\\\/\",\"url\":\"https:\\\/\\\/ihr-hinweis.de\\\/hinweisgebersystem-unternehmen\\\/\",\"name\":\"Hinweisgebersystem f\u00fcr Ihr Unternehmen | ihr-hinweis.de\",\"isPartOf\":{\"@id\":\"https:\\\/\\\/ihr-hinweis.de\\\/#website\"},\"datePublished\":\"2024-11-07T11:41:26+00:00\",\"dateModified\":\"2025-01-15T13:55:08+00:00\",\"description\":\"EN - Unternehmen\",\"breadcrumb\":{\"@id\":\"https:\\\/\\\/ihr-hinweis.de\\\/hinweisgebersystem-unternehmen\\\/#breadcrumb\"},\"inLanguage\":\"en-US\",\"potentialAction\":[{\"@type\":\"ReadAction\",\"target\":[\"https:\\\/\\\/ihr-hinweis.de\\\/hinweisgebersystem-unternehmen\\\/\"]}]},{\"@type\":\"BreadcrumbList\",\"@id\":\"https:\\\/\\\/ihr-hinweis.de\\\/hinweisgebersystem-unternehmen\\\/#breadcrumb\",\"itemListElement\":[{\"@type\":\"ListItem\",\"position\":1,\"name\":\"Home\",\"item\":\"https:\\\/\\\/ihr-hinweis.de\\\/\"},{\"@type\":\"ListItem\",\"position\":2,\"name\":\"EN &#8211; Unternehmen\"}]},{\"@type\":\"WebSite\",\"@id\":\"https:\\\/\\\/ihr-hinweis.de\\\/#website\",\"url\":\"https:\\\/\\\/ihr-hinweis.de\\\/\",\"name\":\"ihr-hinweis.de\",\"description\":\"\",\"potentialAction\":[{\"@type\":\"SearchAction\",\"target\":{\"@type\":\"EntryPoint\",\"urlTemplate\":\"https:\\\/\\\/ihr-hinweis.de\\\/?s={search_term_string}\"},\"query-input\":{\"@type\":\"PropertyValueSpecification\",\"valueRequired\":true,\"valueName\":\"search_term_string\"}}],\"inLanguage\":\"en-US\"}]}<\/script>\n<!-- \/ Yoast SEO plugin. -->","yoast_head_json":{"title":"Hinweisgebersystem f\u00fcr Ihr Unternehmen | ihr-hinweis.de","description":"EN - Unternehmen","robots":{"index":"noindex","follow":"follow","max-snippet":"max-snippet:-1","max-image-preview":"max-image-preview:large","max-video-preview":"max-video-preview:-1"},"og_locale":"en_US","og_type":"article","og_title":"Hinweisgebersystem f\u00fcr Ihr Unternehmen | ihr-hinweis.de","og_description":"EN - Unternehmen","og_url":"https:\/\/ihr-hinweis.de\/hinweisgebersystem-unternehmen\/","og_site_name":"ihr-hinweis.de","article_modified_time":"2025-01-15T13:55:08+00:00","og_image":[{"url":"https:\/\/www.mayr-arbeitsrecht.de\/wp-content\/uploads\/2018\/08\/MAYR_Social-Media.jpg","type":"","width":"","height":""}],"twitter_card":"summary_large_image","twitter_misc":{"Est. reading time":"1 minute"},"schema":{"@context":"https:\/\/schema.org","@graph":[{"@type":"WebPage","@id":"https:\/\/ihr-hinweis.de\/hinweisgebersystem-unternehmen\/","url":"https:\/\/ihr-hinweis.de\/hinweisgebersystem-unternehmen\/","name":"Hinweisgebersystem f\u00fcr Ihr Unternehmen | ihr-hinweis.de","isPartOf":{"@id":"https:\/\/ihr-hinweis.de\/#website"},"datePublished":"2024-11-07T11:41:26+00:00","dateModified":"2025-01-15T13:55:08+00:00","description":"EN - Unternehmen","breadcrumb":{"@id":"https:\/\/ihr-hinweis.de\/hinweisgebersystem-unternehmen\/#breadcrumb"},"inLanguage":"en-US","potentialAction":[{"@type":"ReadAction","target":["https:\/\/ihr-hinweis.de\/hinweisgebersystem-unternehmen\/"]}]},{"@type":"BreadcrumbList","@id":"https:\/\/ihr-hinweis.de\/hinweisgebersystem-unternehmen\/#breadcrumb","itemListElement":[{"@type":"ListItem","position":1,"name":"Home","item":"https:\/\/ihr-hinweis.de\/"},{"@type":"ListItem","position":2,"name":"EN &#8211; Unternehmen"}]},{"@type":"WebSite","@id":"https:\/\/ihr-hinweis.de\/#website","url":"https:\/\/ihr-hinweis.de\/","name":"ihr-hinweis.de","description":"","potentialAction":[{"@type":"SearchAction","target":{"@type":"EntryPoint","urlTemplate":"https:\/\/ihr-hinweis.de\/?s={search_term_string}"},"query-input":{"@type":"PropertyValueSpecification","valueRequired":true,"valueName":"search_term_string"}}],"inLanguage":"en-US"}]}},"_links":{"self":[{"href":"https:\/\/ihr-hinweis.de\/en\/wp-json\/wp\/v2\/pages\/28555","targetHints":{"allow":["GET"]}}],"collection":[{"href":"https:\/\/ihr-hinweis.de\/en\/wp-json\/wp\/v2\/pages"}],"about":[{"href":"https:\/\/ihr-hinweis.de\/en\/wp-json\/wp\/v2\/types\/page"}],"author":[{"embeddable":true,"href":"https:\/\/ihr-hinweis.de\/en\/wp-json\/wp\/v2\/users\/21"}],"replies":[{"embeddable":true,"href":"https:\/\/ihr-hinweis.de\/en\/wp-json\/wp\/v2\/comments?post=28555"}],"version-history":[{"count":2,"href":"https:\/\/ihr-hinweis.de\/en\/wp-json\/wp\/v2\/pages\/28555\/revisions"}],"predecessor-version":[{"id":28557,"href":"https:\/\/ihr-hinweis.de\/en\/wp-json\/wp\/v2\/pages\/28555\/revisions\/28557"}],"wp:attachment":[{"href":"https:\/\/ihr-hinweis.de\/en\/wp-json\/wp\/v2\/media?parent=28555"}],"curies":[{"name":"wp","href":"https:\/\/api.w.org\/{rel}","templated":true}]}}