{"id":28532,"date":"2024-11-12T13:06:48","date_gmt":"2024-11-12T12:06:48","guid":{"rendered":"https:\/\/ihr-hinweis.de\/ueber-uns\/"},"modified":"2025-01-15T14:32:38","modified_gmt":"2025-01-15T13:32:38","slug":"about-us","status":"publish","type":"page","link":"https:\/\/ihr-hinweis.de\/en\/about-us\/","title":{"rendered":"About us"},"content":{"rendered":"<h2><strong>Herzlich willkommen bei unserer Meldestelle \u2013 Wir m\u00f6chten uns vorstellen!<\/strong><\/h2>\n<p>Wir, Lorenz Mayr und Prof. Dr. Julius Reiter, bieten Unternehmen und Hinweisgebenden die professionelle Auslagerung der gesetzlich geforderten Meldestelle durch unsere eigens daf\u00fcr gegr\u00fcndete Gesellschaft.<br \/>\nGemeinsam mit unserer Gesch\u00e4ftsf\u00fchrerin Kathrin Koob unterst\u00fctzen wir mittelst\u00e4ndische Unternehmen und ihre Hinweisgebenden dabei, gem\u00e4\u00df dem Hinweisgeberschutzgesetz den gesetzlichen Anforderungen gerecht zu werden und eine vertrauensvolle Umgebung f\u00fcr Hinweisgebende zu schaffen.<\/p>\n<p>Wir sind Ihre Ombudspersonen\/Vertrauensanw\u00e4lte als Meldende und bieten Ihnen eine sichere und vertrauliche Plattform zur Abgabe von Hinweisen.<\/p>\n<p>F\u00fcr die Verantwortlichen im Unternehmen sind wir die fachkundigen Ansprechpartner f\u00fcr die weiterf\u00fchrenden Schritte nach Eingang eines relevanten Hinweises.<\/p>\n<h3><\/h3>\n<h3>Zu den Personen<\/h3>\n<p><strong>Lorenz Mayr:<\/strong>\u00a0seit 1997 Rechtsanwalt und seit 2000 Fachanwalt f\u00fcr Arbeitsrecht und Gr\u00fcnder der Mayr Kanzlei f\u00fcr Arbeitsrecht. Er ber\u00e4t ausschlie\u00dflich Arbeitgeber in arbeitsrechtlichen Themen, ist seit Jahren mit Compliance-Themen und Datenschutz besch\u00e4ftigt und auch als Ombudsperson und Vertrauensanwalt f\u00fcr Unternehmen t\u00e4tig.<\/p>\n<p><strong>Prof. Dr. Julius Reiter:<\/strong>\u00a0seit 1998 Rechtsanwalt, ist Gr\u00fcndungspartner der auf Verbraucherschutz spezialisierten Kanzlei Baum, Reiter &amp; Collegen. Er ist Fachanwalt f\u00fcr Bank- und Kapitalmarktrecht und Fachanwalt f\u00fcr IT-Recht sowie Professor f\u00fcr Wirtschaftsrecht. Auch er war Datenschutzbeauftragter in verschiedenen Organisationen und ist als Ombudsperson f\u00fcr verschiedene Verb\u00e4nde und Unternehmen t\u00e4tig.<\/p>\n<p><strong>Kathrin Koob:<\/strong>\u00a0nach Abschluss des Studiums zur Dipl.-Sozialp\u00e4dagogin in der Organisationsentwicklung eines internationalen Unternehmens besch\u00e4ftigt. 2005 Gr\u00fcndung und F\u00fchrung ihres eigenen Unternehmens. Daneben war sie als Beraterin im Bereich Unternehmensstrategien und Personalentwicklung t\u00e4tig. Seit 2024 f\u00fchrt sie die Gesch\u00e4fte unserer Gesellschaft und leitet den Bereich Compliance und Hinweisgeberschutz. Sie arbeitet im Team von Lorenz Mayr.<\/p>\n<p>&nbsp;<\/p>\n<p><img loading=\"lazy\" decoding=\"async\" class=\"aligncenter wp-image-24648 size-full\" src=\"\/wp-content\/uploads\/2024\/11\/mayr-koob.jpg\" alt=\"Mayr &amp; Koob\" width=\"907\" height=\"510\" \/><\/p>\n","protected":false},"excerpt":{"rendered":"<p>Herzlich willkommen bei unserer Meldestelle \u2013 Wir m\u00f6chten uns vorstellen! Wir, Lorenz Mayr und Prof. Dr. Julius Reiter, bieten Unternehmen und Hinweisgebenden die professionelle Auslagerung der gesetzlich geforderten Meldestelle durch unsere eigens daf\u00fcr gegr\u00fcndete Gesellschaft. Gemeinsam mit unserer Gesch\u00e4ftsf\u00fchrerin Kathrin Koob unterst\u00fctzen wir mittelst\u00e4ndische Unternehmen und ihre Hinweisgebenden dabei, gem\u00e4\u00df dem Hinweisgeberschutzgesetz den gesetzlichen Anforderungen gerecht zu werden und eine [&hellip;]<\/p>\n","protected":false},"author":21,"featured_media":0,"parent":0,"menu_order":3,"comment_status":"closed","ping_status":"closed","template":"","meta":{"_acf_changed":false,"footnotes":""},"class_list":["post-28532","page","type-page","status-publish","hentry"],"acf":[],"yoast_head":"<!-- This site is optimized with the Yoast SEO plugin v27.5 - https:\/\/yoast.com\/product\/yoast-seo-wordpress\/ -->\n<title>\u00dcber uns | ihr-hinweis.de<\/title>\n<meta name=\"description\" content=\"About us\" \/>\n<meta name=\"robots\" content=\"noindex, follow, max-snippet:-1, max-image-preview:large, max-video-preview:-1\" \/>\n<meta property=\"og:locale\" content=\"en_US\" \/>\n<meta property=\"og:type\" content=\"article\" \/>\n<meta property=\"og:title\" content=\"\u00dcber uns | ihr-hinweis.de\" \/>\n<meta property=\"og:description\" content=\"About us\" \/>\n<meta property=\"og:url\" content=\"https:\/\/ihr-hinweis.de\/ueber-uns\/\" \/>\n<meta property=\"og:site_name\" content=\"ihr-hinweis.de\" \/>\n<meta property=\"article:modified_time\" content=\"2025-01-15T13:32:38+00:00\" \/>\n<meta property=\"og:image\" content=\"https:\/\/www.mayr-arbeitsrecht.de\/wp-content\/uploads\/2018\/08\/MAYR_Social-Media.jpg\" \/>\n<meta name=\"twitter:card\" content=\"summary_large_image\" \/>\n<meta name=\"twitter:label1\" content=\"Est. reading time\" \/>\n\t<meta name=\"twitter:data1\" content=\"1 minute\" \/>\n<script type=\"application\/ld+json\" class=\"yoast-schema-graph\">{\"@context\":\"https:\\\/\\\/schema.org\",\"@graph\":[{\"@type\":\"WebPage\",\"@id\":\"https:\\\/\\\/ihr-hinweis.de\\\/ueber-uns\\\/\",\"url\":\"https:\\\/\\\/ihr-hinweis.de\\\/ueber-uns\\\/\",\"name\":\"\u00dcber uns | ihr-hinweis.de\",\"isPartOf\":{\"@id\":\"https:\\\/\\\/ihr-hinweis.de\\\/#website\"},\"datePublished\":\"2024-11-12T12:06:48+00:00\",\"dateModified\":\"2025-01-15T13:32:38+00:00\",\"description\":\"About us\",\"breadcrumb\":{\"@id\":\"https:\\\/\\\/ihr-hinweis.de\\\/ueber-uns\\\/#breadcrumb\"},\"inLanguage\":\"en-US\",\"potentialAction\":[{\"@type\":\"ReadAction\",\"target\":[\"https:\\\/\\\/ihr-hinweis.de\\\/ueber-uns\\\/\"]}]},{\"@type\":\"BreadcrumbList\",\"@id\":\"https:\\\/\\\/ihr-hinweis.de\\\/ueber-uns\\\/#breadcrumb\",\"itemListElement\":[{\"@type\":\"ListItem\",\"position\":1,\"name\":\"Home\",\"item\":\"https:\\\/\\\/ihr-hinweis.de\\\/\"},{\"@type\":\"ListItem\",\"position\":2,\"name\":\"About us\"}]},{\"@type\":\"WebSite\",\"@id\":\"https:\\\/\\\/ihr-hinweis.de\\\/#website\",\"url\":\"https:\\\/\\\/ihr-hinweis.de\\\/\",\"name\":\"ihr-hinweis.de\",\"description\":\"\",\"potentialAction\":[{\"@type\":\"SearchAction\",\"target\":{\"@type\":\"EntryPoint\",\"urlTemplate\":\"https:\\\/\\\/ihr-hinweis.de\\\/?s={search_term_string}\"},\"query-input\":{\"@type\":\"PropertyValueSpecification\",\"valueRequired\":true,\"valueName\":\"search_term_string\"}}],\"inLanguage\":\"en-US\"}]}<\/script>\n<!-- \/ Yoast SEO plugin. -->","yoast_head_json":{"title":"\u00dcber uns | ihr-hinweis.de","description":"About us","robots":{"index":"noindex","follow":"follow","max-snippet":"max-snippet:-1","max-image-preview":"max-image-preview:large","max-video-preview":"max-video-preview:-1"},"og_locale":"en_US","og_type":"article","og_title":"\u00dcber uns | ihr-hinweis.de","og_description":"About us","og_url":"https:\/\/ihr-hinweis.de\/ueber-uns\/","og_site_name":"ihr-hinweis.de","article_modified_time":"2025-01-15T13:32:38+00:00","og_image":[{"url":"https:\/\/www.mayr-arbeitsrecht.de\/wp-content\/uploads\/2018\/08\/MAYR_Social-Media.jpg","type":"","width":"","height":""}],"twitter_card":"summary_large_image","twitter_misc":{"Est. reading time":"1 minute"},"schema":{"@context":"https:\/\/schema.org","@graph":[{"@type":"WebPage","@id":"https:\/\/ihr-hinweis.de\/ueber-uns\/","url":"https:\/\/ihr-hinweis.de\/ueber-uns\/","name":"\u00dcber uns | ihr-hinweis.de","isPartOf":{"@id":"https:\/\/ihr-hinweis.de\/#website"},"datePublished":"2024-11-12T12:06:48+00:00","dateModified":"2025-01-15T13:32:38+00:00","description":"About us","breadcrumb":{"@id":"https:\/\/ihr-hinweis.de\/ueber-uns\/#breadcrumb"},"inLanguage":"en-US","potentialAction":[{"@type":"ReadAction","target":["https:\/\/ihr-hinweis.de\/ueber-uns\/"]}]},{"@type":"BreadcrumbList","@id":"https:\/\/ihr-hinweis.de\/ueber-uns\/#breadcrumb","itemListElement":[{"@type":"ListItem","position":1,"name":"Home","item":"https:\/\/ihr-hinweis.de\/"},{"@type":"ListItem","position":2,"name":"About us"}]},{"@type":"WebSite","@id":"https:\/\/ihr-hinweis.de\/#website","url":"https:\/\/ihr-hinweis.de\/","name":"ihr-hinweis.de","description":"","potentialAction":[{"@type":"SearchAction","target":{"@type":"EntryPoint","urlTemplate":"https:\/\/ihr-hinweis.de\/?s={search_term_string}"},"query-input":{"@type":"PropertyValueSpecification","valueRequired":true,"valueName":"search_term_string"}}],"inLanguage":"en-US"}]}},"_links":{"self":[{"href":"https:\/\/ihr-hinweis.de\/en\/wp-json\/wp\/v2\/pages\/28532","targetHints":{"allow":["GET"]}}],"collection":[{"href":"https:\/\/ihr-hinweis.de\/en\/wp-json\/wp\/v2\/pages"}],"about":[{"href":"https:\/\/ihr-hinweis.de\/en\/wp-json\/wp\/v2\/types\/page"}],"author":[{"embeddable":true,"href":"https:\/\/ihr-hinweis.de\/en\/wp-json\/wp\/v2\/users\/21"}],"replies":[{"embeddable":true,"href":"https:\/\/ihr-hinweis.de\/en\/wp-json\/wp\/v2\/comments?post=28532"}],"version-history":[{"count":2,"href":"https:\/\/ihr-hinweis.de\/en\/wp-json\/wp\/v2\/pages\/28532\/revisions"}],"predecessor-version":[{"id":28534,"href":"https:\/\/ihr-hinweis.de\/en\/wp-json\/wp\/v2\/pages\/28532\/revisions\/28534"}],"wp:attachment":[{"href":"https:\/\/ihr-hinweis.de\/en\/wp-json\/wp\/v2\/media?parent=28532"}],"curies":[{"name":"wp","href":"https:\/\/api.w.org\/{rel}","templated":true}]}}